{"id":2,"date":"2026-02-06T19:36:37","date_gmt":"2026-02-06T19:36:37","guid":{"rendered":"http:\/\/35.192.201.22\/wordpress\/?page_id=2"},"modified":"2026-02-09T17:56:18","modified_gmt":"2026-02-09T17:56:18","slug":"sample-page","status":"publish","type":"page","link":"https:\/\/pioneiro.org\/index.php\/sample-page\/","title":{"rendered":"Food"},"content":{"rendered":"\n<p><\/p>\n\n\n\n<h2 class=\"wp-block-heading\">Recursos Alimentares<\/h2>\n\n\n\n<p>Nesta se\u00e7\u00e3o voc\u00ea encontrar\u00e1 informa\u00e7\u00f5es atualizadas sobre recursos alimentares dispon\u00edveis em nossa comunidade, incluindo bancos de alimentos, despensas comunit\u00e1rias, distribui\u00e7\u00f5es m\u00f3veis e programas de apoio nutricional. Nosso objetivo \u00e9 ajudar fam\u00edlias e indiv\u00edduos a localizar rapidamente assist\u00eancia alimentar confi\u00e1vel, gratuita ou de baixo custo, especialmente em momentos de necessidade.<\/p>\n\n\n\n<p>Para ver as atualiza\u00e7\u00f5es mais recentes, consulte a lista de <strong>artigos recentes<\/strong> abaixo, onde publicamos novos hor\u00e1rios de distribui\u00e7\u00e3o, eventos comunit\u00e1rios e mudan\u00e7as nos servi\u00e7os dispon\u00edveis. Recomendamos verificar regularmente, pois as datas e locais podem ser atualizados conforme a necessidade da comunidade.<\/p>\n\n\n<ul class=\"wp-block-latest-posts__list wp-block-latest-posts\"><li><a class=\"wp-block-latest-posts__post-title\" href=\"https:\/\/pioneiro.org\/index.php\/2026\/02\/19\/hurricane-valley-food-pantry-apoio-alimentar-em-hurricane-utah\/\">Hurricane Valley Food Pantry \u2013 Apoio Alimentar em Hurricane, Utah<\/a><\/li>\n<li><a class=\"wp-block-latest-posts__post-title\" href=\"https:\/\/pioneiro.org\/index.php\/2026\/02\/09\/banco-de-alimentos-fevereiro-2026\/\">Banco de Alimentos \u2013 Fevereiro 2026<\/a><\/li>\n<li><a class=\"wp-block-latest-posts__post-title\" href=\"https:\/\/pioneiro.org\/index.php\/2026\/02\/06\/centro-de-distribuicao-do-utah-food-bank\/\">Centro de Distribui\u00e7\u00e3o do Utah Food Bank<\/a><\/li>\n<\/ul>\n\n\n\n<ul class=\"wp-block-categories-list wp-block-categories\">\t<li class=\"cat-item cat-item-12\"><a href=\"https:\/\/pioneiro.org\/index.php\/tag\/banco\/\">banco<\/a>\n<\/li>\n\t<li class=\"cat-item cat-item-9\"><a href=\"https:\/\/pioneiro.org\/index.php\/tag\/bank\/\">bank<\/a>\n<\/li>\n\t<li class=\"cat-item cat-item-11\"><a href=\"https:\/\/pioneiro.org\/index.php\/tag\/comida\/\">comida<\/a>\n<\/li>\n\t<li class=\"cat-item cat-item-8\"><a href=\"https:\/\/pioneiro.org\/index.php\/tag\/food\/\">food<\/a>\n<\/li>\n\t<li class=\"cat-item cat-item-10\"><a href=\"https:\/\/pioneiro.org\/index.php\/tag\/pantry\/\">pantry<\/a>\n<\/li>\n<\/ul>\n\n\n<p><\/p>\n","protected":false},"excerpt":{"rendered":"<p>Recursos Alimentares Nesta se\u00e7\u00e3o voc\u00ea encontrar\u00e1 informa\u00e7\u00f5es atualizadas sobre recursos alimentares dispon\u00edveis em nossa comunidade, incluindo bancos de alimentos, despensas &hellip; <a href=\"https:\/\/pioneiro.org\/index.php\/sample-page\/\" class=\"more-link\"><span class=\"more-button\">Continue reading &gt;<span class=\"screen-reader-text\">Food<\/span><\/span><\/a><\/p>\n","protected":false},"author":1,"featured_media":0,"parent":0,"menu_order":0,"comment_status":"closed","ping_status":"open","template":"","meta":{"footnotes":""},"class_list":["post-2","page","type-page","status-publish","hentry"],"_links":{"self":[{"href":"https:\/\/pioneiro.org\/index.php\/wp-json\/wp\/v2\/pages\/2","targetHints":{"allow":["GET"]}}],"collection":[{"href":"https:\/\/pioneiro.org\/index.php\/wp-json\/wp\/v2\/pages"}],"about":[{"href":"https:\/\/pioneiro.org\/index.php\/wp-json\/wp\/v2\/types\/page"}],"author":[{"embeddable":true,"href":"https:\/\/pioneiro.org\/index.php\/wp-json\/wp\/v2\/users\/1"}],"replies":[{"embeddable":true,"href":"https:\/\/pioneiro.org\/index.php\/wp-json\/wp\/v2\/comments?post=2"}],"version-history":[{"count":3,"href":"https:\/\/pioneiro.org\/index.php\/wp-json\/wp\/v2\/pages\/2\/revisions"}],"predecessor-version":[{"id":48,"href":"https:\/\/pioneiro.org\/index.php\/wp-json\/wp\/v2\/pages\/2\/revisions\/48"}],"wp:attachment":[{"href":"https:\/\/pioneiro.org\/index.php\/wp-json\/wp\/v2\/media?parent=2"}],"curies":[{"name":"wp","href":"https:\/\/api.w.org\/{rel}","templated":true}]}}